{"id":974,"date":"2022-03-10T03:09:39","date_gmt":"2022-03-10T02:09:39","guid":{"rendered":"https:\/\/budapestritmo.hu\/?page_id=974"},"modified":"2022-03-10T03:10:06","modified_gmt":"2022-03-10T02:10:06","slug":"timetable-movies","status":"publish","type":"page","link":"https:\/\/2022.budapestritmo.hu\/en\/timetable-movies\/","title":{"rendered":"Movies | Timetable"},"content":{"rendered":"\n<div class=\"is-layout-flow wp-block-group alignfull timetables\"><div class=\"wp-block-group__inner-container\">\n<div class=\"is-content-justification-center is-layout-flex wp-container-1 wp-block-buttons\">\n<div class=\"wp-block-button\"><a class=\"wp-block-button__link\" href=\"https:\/\/2022.budapestritmo.hu\/en\/timetable-all\/\">All events<\/a><\/div>\n\n\n\n<div class=\"wp-block-button\"><a class=\"wp-block-button__link\" href=\"https:\/\/2022.budapestritmo.hu\/en\/timetable-concerts\/\">Concerts<\/a><\/div>\n\n\n\n<div class=\"wp-block-button\"><a class=\"wp-block-button__link\" href=\"https:\/\/2022.budapestritmo.hu\/en\/timetable-showcase\/\">Showcase<\/a><\/div>\n\n\n\n<div class=\"wp-block-button active\"><a class=\"wp-block-button__link\" href=\"https:\/\/2022.budapestritmo.hu\/en\/timetable-movies\/\">Movies<\/a><\/div>\n<\/div>\n<\/div><\/div>\n\n\n<a name=\"timetable\"><\/a>\n<section class=\"timetable text-white\">\n\t\n\t<div class=\"container-fluid\">\n\t\t<div class=\"row\">\n\t\t\t<div class=\"col-12\">\n\t\t\t\t<h2>Movies<\/h2> \n\t\t\t<\/div>\n\t\t<\/div>\n\t<\/div>\n\n\n\t\n\t<div class=\"container-fluid dates\">\n\t\t<div class=\"row\">\n\t\t\t\t\t\t\t<div class=\"col-6 col-sm\" id=\"tab-day1\">\n\t\t\t\t\t<a class=\"day-select current-day\" href=\"#day1\">\n\t\t\t\t\t\tThursday 04.07.\t\t\t\t\t<\/a>\n\t\t\t\t\t\n\t\t\t\t<\/div>\n\t\t\t\t\t\t\t<div class=\"col-6 col-sm\" id=\"tab-day2\">\n\t\t\t\t\t<a class=\"day-select \" href=\"#day2\">\n\t\t\t\t\t\tFriday 04.08.\t\t\t\t\t<\/a>\n\t\t\t\t\t\n\t\t\t\t<\/div>\n\t\t\t\t\t\t\t<div class=\"col-6 col-sm\" id=\"tab-day3\">\n\t\t\t\t\t<a class=\"day-select \" href=\"#day3\">\n\t\t\t\t\t\tSaturday 04.09.\t\t\t\t\t<\/a>\n\t\t\t\t\t\n\t\t\t\t<\/div>\n\t\t\t\t\t\t\t<div class=\"col-6 col-sm\" id=\"tab-day4\">\n\t\t\t\t\t<a class=\"day-select \" href=\"#day4\">\n\t\t\t\t\t\tSunday 04.10.\t\t\t\t\t<\/a>\n\t\t\t\t\t\n\t\t\t\t<\/div>\n\t\t\t\t\t\t\t\t\n\t\t<\/div>\n\t<\/div>\n\t \n\n\n\t\n\t\t\t\n\t\t<div class=\"container-fluid day  current-day\" id=\"day1\">\n\t\t\n\t\t\t<div class=\"row\">\n\n\n\t\t\t\t<div class=\"col-1 timetable-timeslots d-none d-md-flex\">\n\t\t\t\t\t<ul><li class=\"full-hour\">18:00<\/li><li>18:15<\/li><li>18:30<\/li><li>18:45<\/li><li class=\"full-hour\">19:00<\/li><li>19:15<\/li><li>19:30<\/li><li>19:45<\/li><li class=\"full-hour\">20:00<\/li><li>20:15<\/li><li>20:30<\/li><li>20:45<\/li><\/ul>\n\t\t\t\t<\/div>\n\n\n\t\t\t\t\n\t\t\t\t\n\t\t\t\t\n\n\t\t\t\t\t\t\t<div class=\"col-12 col-sm timetable-column\">\n\t\t\t\t\t\t\t\t<div class=\"timetable-venue\">\n\t\t\t\t\t\t\t\t\tAkv\u00e1rium Klub, NagyHall\t\t\t\t\t\t\t\t<\/div>\n\n\n\t\t\t\t\t\t\t\t\t\t\t\t\t\t\t\t\t\t    \n\n\t\t\t\t\t\t\t\t\t\t\t\t\t\t\t\t\t\t\t\t\t\t\t\n\t\n\n\n\t\t\t\t\t\t\t\t\t\t<a href=\"https:\/\/2022.budapestritmo.hu\/en\/movie\/ritmo-film-21\/\">\t\t\t\t\t\t\t\t\t\t\t<div class=\"timetable-event\" style=\"top:0px; min-height:238px;\">\n\n\t\t\t\t\t\t\t\t\t\t\t\t<div class=\"timetable-event-time\">\n\t\t\t\t\t\t\t\t\t\t\t\t\t18:00-21:00\t\t\t\t\t\t\t\t\t\t\t\t\t\n\t\t\t\t\t\t\t\t\t\t\t\t<\/div>\n\t\t\t\t\t\t\t\t\t\t\t\t<div class=\"timetable-event-performer\">\n\t\t\t\t\t\t\t\t\t\t\t\t\tPremiere: 2021 Ritmo Music Films\t\t\t\t\t\t\t\t\t\t\t\t<\/div>\n\t\t\t\t\t\t\t\t\t\t\t\t<span class=\"timetable-event-country\"><ul>\n<li>K\u00e1roly Cserepes x G\u00e1bor Karcis x M\u00e1ty\u00e1s K\u00e1lm\u00e1n<\/li>\n<li>Dresch String Quartet x Attila Damokos<\/li>\n<li>Mord\u00e1i x G\u00e1bor Reisz x B\u00e1lint Szimler<\/li>\n<li>Odd ID x Fanni Szil\u00e1gyi<\/li>\n<\/ul>\n <\/span>\n\t\t\t\t\t\t\t\t\t\t\t\t\n\t\t\t\t\t\t\t\t\t\t\t<\/div>\n\t\t\t\t\t\t\t\t\t\t<\/a>\n\t\t\t\t\t\t\t\t\t\t\t\t\t\t\n\t\t\t\t\t\t\t\t\t\n\t\t\t\t\t\t\t<\/div>\n\n\t\t\t\t\t\t\t\n\n\t\t\t\t\n\n\t\t\t\t\n\t\t\t\n\t\t\t<\/div> <!-- \/row -->\n\t\t<\/div>  <!-- \/container.day -->\n\n\t\t\t\n\t\t<div class=\"container-fluid day  \" id=\"day2\">\n\t\t\n\t\t\t<div class=\"row\">\n\n\n\t\t\t\t<div class=\"col-1 timetable-timeslots d-none d-md-flex\">\n\t\t\t\t\t<ul><li class=\"full-hour\">15:00<\/li><li>15:15<\/li><li>15:30<\/li><li>15:45<\/li><li class=\"full-hour\">16:00<\/li><li>16:15<\/li><li>16:30<\/li><li>16:45<\/li><li class=\"full-hour\">17:00<\/li><li>17:15<\/li><li>17:30<\/li><li>17:45<\/li><li class=\"full-hour\">18:00<\/li><li>18:15<\/li><li>18:30<\/li><li>18:45<\/li><\/ul>\n\t\t\t\t<\/div>\n\n\n\t\t\t\t\n\t\t\t\t\n\t\t\t\t\n\n\t\t\t\t\t\t\t<div class=\"col-12 col-sm timetable-column\">\n\t\t\t\t\t\t\t\t<div class=\"timetable-venue\">\n\t\t\t\t\t\t\t\t\tToldi, Kisterem\t\t\t\t\t\t\t\t<\/div>\n\n\n\t\t\t\t\t\t\t\t\t\t\t\t\t\t\t\t\t\t    \n\n\t\t\t\t\t\t\t\t\t\t\t\t\t\t\t\t\t\t\t\t\t\t\t\n\t\n\n\n\t\t\t\t\t\t\t\t\t\t<a href=\"https:\/\/2022.budapestritmo.hu\/en\/movie\/ritmo-film-21\/\">\t\t\t\t\t\t\t\t\t\t\t<div class=\"timetable-event\" style=\"top:80px; min-height:198px;\">\n\n\t\t\t\t\t\t\t\t\t\t\t\t<div class=\"timetable-event-time\">\n\t\t\t\t\t\t\t\t\t\t\t\t\t16:00-18:30\t\t\t\t\t\t\t\t\t\t\t\t\t\n\t\t\t\t\t\t\t\t\t\t\t\t<\/div>\n\t\t\t\t\t\t\t\t\t\t\t\t<div class=\"timetable-event-performer\">\n\t\t\t\t\t\t\t\t\t\t\t\t\t2021 Ritmo Music Films\t\t\t\t\t\t\t\t\t\t\t\t<\/div>\n\t\t\t\t\t\t\t\t\t\t\t\t<span class=\"timetable-event-country\"><ul>\n<li>K\u00e1roly Cserepes x G\u00e1bor Karcis x M\u00e1ty\u00e1s K\u00e1lm\u00e1n<\/li>\n<li>Dresch String Quartet x Attila Damokos<\/li>\n<li>Mord\u00e1i x G\u00e1bor Reisz x B\u00e1lint Szimler<\/li>\n<li>Odd ID x Fanni Szil\u00e1gyi<\/li>\n<\/ul>\n <\/span>\n\t\t\t\t\t\t\t\t\t\t\t\t\n\t\t\t\t\t\t\t\t\t\t\t<\/div>\n\t\t\t\t\t\t\t\t\t\t<\/a>\n\t\t\t\t\t\t\t\t\t\t\t\t\t\t\n\t\t\t\t\t\t\t\t\t\n\t\t\t\t\t\t\t<\/div>\n\n\t\t\t\t\n\n\t\t\t\t\t\t\t<div class=\"col-12 col-sm timetable-column\">\n\t\t\t\t\t\t\t\t<div class=\"timetable-venue\">\n\t\t\t\t\t\t\t\t\tToldi, Nagyterem\t\t\t\t\t\t\t\t<\/div>\n\n\n\t\t\t\t\t\t\t\t\t\t\t\t\t\t\t\t\t\t    \n\n\t\t\t\t\t\t\t\t\t\t\t\t\t\t\t\t\t\t\t\t\t\t\t\n\t\n\n\n\t\t\t\t\t\t\t\t\t\t<a href=\"https:\/\/2022.budapestritmo.hu\/en\/movie\/repulj-madar-repulj\/\">\t\t\t\t\t\t\t\t\t\t\t<div class=\"timetable-event\" style=\"top:40px; min-height:78px;\">\n\n\t\t\t\t\t\t\t\t\t\t\t\t<div class=\"timetable-event-time\">\n\t\t\t\t\t\t\t\t\t\t\t\t\t15:30-16:30\t\t\t\t\t\t\t\t\t\t\t\t\t\n\t\t\t\t\t\t\t\t\t\t\t\t<\/div>\n\t\t\t\t\t\t\t\t\t\t\t\t<div class=\"timetable-event-performer\">\n\t\t\t\t\t\t\t\t\t\t\t\t\tFly Bird, Fly&#8230; <sup>(HU\/UK)<\/sup>\t\t\t\t\t\t\t\t\t\t\t\t<\/div>\n\t\t\t\t\t\t\t\t\t\t\t\t<span class=\"timetable-event-country\"> <\/span>\n\t\t\t\t\t\t\t\t\t\t\t\t\n\t\t\t\t\t\t\t\t\t\t\t<\/div>\n\t\t\t\t\t\t\t\t\t\t<\/a>\n\t\t\t\t\t\t\t\t\t\t\t\t\t\t\n\t\t\t\t\t\t\t\t\t\t\t\t\t\t\t\t\t\t\t    \n\n\t\t\t\t\t\t\t\t\t\t\t\t\t\t\t\t\t\t\t\t\t\t\t\n\t\n\n\n\t\t\t\t\t\t\t\t\t\t<a href=\"https:\/\/2022.budapestritmo.hu\/en\/movie\/silencio-lisszabon-hangjai\/\">\t\t\t\t\t\t\t\t\t\t\t<div class=\"timetable-event\" style=\"top:160px; min-height:158px;\">\n\n\t\t\t\t\t\t\t\t\t\t\t\t<div class=\"timetable-event-time\">\n\t\t\t\t\t\t\t\t\t\t\t\t\t17:00-19:00\t\t\t\t\t\t\t\t\t\t\t\t\t\n\t\t\t\t\t\t\t\t\t\t\t\t<\/div>\n\t\t\t\t\t\t\t\t\t\t\t\t<div class=\"timetable-event-performer\">\n\t\t\t\t\t\t\t\t\t\t\t\t\tSil\u00eancio \u2013 Voices of Lisbon <sup>(PT)<\/sup>\t\t\t\t\t\t\t\t\t\t\t\t<\/div>\n\t\t\t\t\t\t\t\t\t\t\t\t<span class=\"timetable-event-country\"><p>After:<br \/>\n<b>Interview with the director<br \/>\n<\/b>18:30-19:00<\/p>\n <\/span>\n\t\t\t\t\t\t\t\t\t\t\t\t\n\t\t\t\t\t\t\t\t\t\t\t<\/div>\n\t\t\t\t\t\t\t\t\t\t<\/a>\n\t\t\t\t\t\t\t\t\t\t\t\t\t\t\n\t\t\t\t\t\t\t\t\t\n\t\t\t\t\t\t\t<\/div>\n\n\t\t\t\t\t\t\t\n\n\t\t\t\t\n\n\t\t\t\t\n\t\t\t\n\t\t\t<\/div> <!-- \/row -->\n\t\t<\/div>  <!-- \/container.day -->\n\n\t\t\t\n\t\t<div class=\"container-fluid day  \" id=\"day3\">\n\t\t\n\t\t\t<div class=\"row\">\n\n\n\t\t\t\t<div class=\"col-1 timetable-timeslots d-none d-md-flex\">\n\t\t\t\t\t<ul><li>15:30<\/li><li>15:45<\/li><li class=\"full-hour\">16:00<\/li><li>16:15<\/li><li>16:30<\/li><li>16:45<\/li><li class=\"full-hour\">17:00<\/li><li>17:15<\/li><li>17:30<\/li><li>17:45<\/li><li class=\"full-hour\">18:00<\/li><li>18:15<\/li><li>18:30<\/li><li>18:45<\/li><\/ul>\n\t\t\t\t<\/div>\n\n\n\t\t\t\t\n\t\t\t\t\n\t\t\t\t\n\n\t\t\t\t\t\t\t<div class=\"col-12 col-sm timetable-column\">\n\t\t\t\t\t\t\t\t<div class=\"timetable-venue\">\n\t\t\t\t\t\t\t\t\tToldi, Kisterem\t\t\t\t\t\t\t\t<\/div>\n\n\n\t\t\t\t\t\t\t\t\t\t\t\t\t\t\t\t\t\t    \n\n\t\t\t\t\t\t\t\t\t\t\t\t\t\t\t\t\t\t\t\t\t\t\t\n\t\n\n\n\t\t\t\t\t\t\t\t\t\t<a href=\"https:\/\/2022.budapestritmo.hu\/en\/movie\/ritmo-film-21\/\">\t\t\t\t\t\t\t\t\t\t\t<div class=\"timetable-event\" style=\"top:40px; min-height:198px;\">\n\n\t\t\t\t\t\t\t\t\t\t\t\t<div class=\"timetable-event-time\">\n\t\t\t\t\t\t\t\t\t\t\t\t\t16:00-18:30\t\t\t\t\t\t\t\t\t\t\t\t\t\n\t\t\t\t\t\t\t\t\t\t\t\t<\/div>\n\t\t\t\t\t\t\t\t\t\t\t\t<div class=\"timetable-event-performer\">\n\t\t\t\t\t\t\t\t\t\t\t\t\t2021 Ritmo Music Films\t\t\t\t\t\t\t\t\t\t\t\t<\/div>\n\t\t\t\t\t\t\t\t\t\t\t\t<span class=\"timetable-event-country\"><ul>\n<li>Cserepes K\u00e1roly x Karcis G\u00e1bor x K\u00e1lm\u00e1n M\u00e1ty\u00e1s<\/li>\n<li>Dresch Von\u00f3s Quartet x Damokos Attila<\/li>\n<li>Mord\u00e1i x Reisz G\u00e1bor x Szimler B\u00e1lint<\/li>\n<li>Odd ID x Szil\u00e1gyi Fanni<\/li>\n<\/ul>\n <\/span>\n\t\t\t\t\t\t\t\t\t\t\t\t\n\t\t\t\t\t\t\t\t\t\t\t<\/div>\n\t\t\t\t\t\t\t\t\t\t<\/a>\n\t\t\t\t\t\t\t\t\t\t\t\t\t\t\n\t\t\t\t\t\t\t\t\t\n\t\t\t\t\t\t\t<\/div>\n\n\t\t\t\t\n\n\t\t\t\t\t\t\t<div class=\"col-12 col-sm timetable-column\">\n\t\t\t\t\t\t\t\t<div class=\"timetable-venue\">\n\t\t\t\t\t\t\t\t\tToldi, Nagyterem\t\t\t\t\t\t\t\t<\/div>\n\n\n\t\t\t\t\t\t\t\t\t\t\t\t\t\t\t\t\t\t    \n\n\t\t\t\t\t\t\t\t\t\t\t\t\t\t\t\t\t\t\t\t\t\t\t\n\t\n\n\n\t\t\t\t\t\t\t\t\t\t<a href=\"https:\/\/2022.budapestritmo.hu\/en\/movie\/the-soil-a-mi-foldunk\/\">\t\t\t\t\t\t\t\t\t\t\t<div class=\"timetable-event\" style=\"top:0px; min-height:118px;\">\n\n\t\t\t\t\t\t\t\t\t\t\t\t<div class=\"timetable-event-time\">\n\t\t\t\t\t\t\t\t\t\t\t\t\t15:30-17:00\t\t\t\t\t\t\t\t\t\t\t\t\t\n\t\t\t\t\t\t\t\t\t\t\t\t<\/div>\n\t\t\t\t\t\t\t\t\t\t\t\t<div class=\"timetable-event-performer\">\n\t\t\t\t\t\t\t\t\t\t\t\t\tThe Soil <sup>(PL)<\/sup>\t\t\t\t\t\t\t\t\t\t\t\t<\/div>\n\t\t\t\t\t\t\t\t\t\t\t\t<span class=\"timetable-event-country\"><p>Q&amp;A with the director of the film:<br \/>\n09 April Saturday 4:30 PM | Toldi, Nagyterem<\/p>\n <\/span>\n\t\t\t\t\t\t\t\t\t\t\t\t\n\t\t\t\t\t\t\t\t\t\t\t<\/div>\n\t\t\t\t\t\t\t\t\t\t<\/a>\n\t\t\t\t\t\t\t\t\t\t\t\t\t\t\n\t\t\t\t\t\t\t\t\t\t\t\t\t\t\t\t\t\t\t    \n\n\t\t\t\t\t\t\t\t\t\t\t\t\t\t\t\t\t\t\t\t\t\t\t\n\t\n\n\n\t\t\t\t\t\t\t\t\t\t<a href=\"https:\/\/2022.budapestritmo.hu\/en\/movie\/silencio-lisszabon-hangjai\/\">\t\t\t\t\t\t\t\t\t\t\t<div class=\"timetable-event\" style=\"top:160px; min-height:118px;\">\n\n\t\t\t\t\t\t\t\t\t\t\t\t<div class=\"timetable-event-time\">\n\t\t\t\t\t\t\t\t\t\t\t\t\t17:30-19:00\t\t\t\t\t\t\t\t\t\t\t\t\t\n\t\t\t\t\t\t\t\t\t\t\t\t<\/div>\n\t\t\t\t\t\t\t\t\t\t\t\t<div class=\"timetable-event-performer\">\n\t\t\t\t\t\t\t\t\t\t\t\t\tSil\u00eancio \u2013 Voices of Lisbon <sup>(PT)<\/sup>\t\t\t\t\t\t\t\t\t\t\t\t<\/div>\n\t\t\t\t\t\t\t\t\t\t\t\t<span class=\"timetable-event-country\"> <\/span>\n\t\t\t\t\t\t\t\t\t\t\t\t\n\t\t\t\t\t\t\t\t\t\t\t<\/div>\n\t\t\t\t\t\t\t\t\t\t<\/a>\n\t\t\t\t\t\t\t\t\t\t\t\t\t\t\n\t\t\t\t\t\t\t\t\t\n\t\t\t\t\t\t\t<\/div>\n\n\t\t\t\t\t\t\t\n\n\t\t\t\t\n\n\t\t\t\t\n\t\t\t\n\t\t\t<\/div> <!-- \/row -->\n\t\t<\/div>  <!-- \/container.day -->\n\n\t\t\t\n\t\t<div class=\"container-fluid day  \" id=\"day4\">\n\t\t\n\t\t\t<div class=\"row\">\n\n\n\t\t\t\t<div class=\"col-1 timetable-timeslots d-none d-md-flex\">\n\t\t\t\t\t<ul><li class=\"full-hour\">15:00<\/li><li>15:15<\/li><li>15:30<\/li><li>15:45<\/li><li class=\"full-hour\">16:00<\/li><li>16:15<\/li><li>16:30<\/li><li>16:45<\/li><li class=\"full-hour\">17:00<\/li><li>17:15<\/li><li>17:30<\/li><li>17:45<\/li><li class=\"full-hour\">18:00<\/li><li>18:15<\/li><li>18:30<\/li><li>18:45<\/li><li class=\"full-hour\">19:00<\/li><li>19:15<\/li><li>19:30<\/li><li>19:45<\/li><li class=\"full-hour\">20:00<\/li><li>20:15<\/li><li>20:30<\/li><li>20:45<\/li><li class=\"full-hour\">21:00<\/li><li>21:15<\/li><li>21:30<\/li><li>21:45<\/li><\/ul>\n\t\t\t\t<\/div>\n\n\n\t\t\t\t\n\t\t\t\t\n\t\t\t\t\n\n\t\t\t\t\t\t\t<div class=\"col-12 col-sm timetable-column\">\n\t\t\t\t\t\t\t\t<div class=\"timetable-venue\">\n\t\t\t\t\t\t\t\t\tToldi, Kisterem\t\t\t\t\t\t\t\t<\/div>\n\n\n\t\t\t\t\t\t\t\t\t\t\t\t\t\t\t\t\t\t    \n\n\t\t\t\t\t\t\t\t\t\t\t\t\t\t\t\t\t\t\t\t\t\t\t\n\t\n\n\n\t\t\t\t\t\t\t\t\t\t<a href=\"https:\/\/2022.budapestritmo.hu\/en\/movie\/ritmo-film-21\/\">\t\t\t\t\t\t\t\t\t\t\t<div class=\"timetable-event\" style=\"top:160px; min-height:198px;\">\n\n\t\t\t\t\t\t\t\t\t\t\t\t<div class=\"timetable-event-time\">\n\t\t\t\t\t\t\t\t\t\t\t\t\t17:00-19:30\t\t\t\t\t\t\t\t\t\t\t\t\t\n\t\t\t\t\t\t\t\t\t\t\t\t<\/div>\n\t\t\t\t\t\t\t\t\t\t\t\t<div class=\"timetable-event-performer\">\n\t\t\t\t\t\t\t\t\t\t\t\t\t2021 Ritmo Music Films\t\t\t\t\t\t\t\t\t\t\t\t<\/div>\n\t\t\t\t\t\t\t\t\t\t\t\t<span class=\"timetable-event-country\"><ul>\n<li>K\u00e1roly Cserepes x G\u00e1bor Karcis x M\u00e1ty\u00e1s K\u00e1lm\u00e1n<\/li>\n<li>Dresch String Quartet x Attila Damokos<\/li>\n<li>Mord\u00e1i x G\u00e1bor Reisz x B\u00e1lint Szimler<\/li>\n<li>Odd ID x Fanni Szil\u00e1gyi<\/li>\n<\/ul>\n <\/span>\n\t\t\t\t\t\t\t\t\t\t\t\t\n\t\t\t\t\t\t\t\t\t\t\t<\/div>\n\t\t\t\t\t\t\t\t\t\t<\/a>\n\t\t\t\t\t\t\t\t\t\t\t\t\t\t\n\t\t\t\t\t\t\t\t\t\n\t\t\t\t\t\t\t<\/div>\n\n\t\t\t\t\n\n\t\t\t\t\t\t\t<div class=\"col-12 col-sm timetable-column\">\n\t\t\t\t\t\t\t\t<div class=\"timetable-venue\">\n\t\t\t\t\t\t\t\t\tToldi, Nagyterem\t\t\t\t\t\t\t\t<\/div>\n\n\n\t\t\t\t\t\t\t\t\t\t\t\t\t\t\t\t\t\t    \n\n\t\t\t\t\t\t\t\t\t\t\t\t\t\t\t\t\t\t\t\t\t\t\t\n\t\n\n\n\t\t\t\t\t\t\t\t\t\t<a href=\"https:\/\/2022.budapestritmo.hu\/en\/movie\/repulj-madar-repulj\/\">\t\t\t\t\t\t\t\t\t\t\t<div class=\"timetable-event\" style=\"top:40px; min-height:78px;\">\n\n\t\t\t\t\t\t\t\t\t\t\t\t<div class=\"timetable-event-time\">\n\t\t\t\t\t\t\t\t\t\t\t\t\t15:30-16:30\t\t\t\t\t\t\t\t\t\t\t\t\t\n\t\t\t\t\t\t\t\t\t\t\t\t<\/div>\n\t\t\t\t\t\t\t\t\t\t\t\t<div class=\"timetable-event-performer\">\n\t\t\t\t\t\t\t\t\t\t\t\t\tFly Bird, Fly&#8230;\t\t\t\t\t\t\t\t\t\t\t\t<\/div>\n\t\t\t\t\t\t\t\t\t\t\t\t<span class=\"timetable-event-country\"> <\/span>\n\t\t\t\t\t\t\t\t\t\t\t\t\n\t\t\t\t\t\t\t\t\t\t\t<\/div>\n\t\t\t\t\t\t\t\t\t\t<\/a>\n\t\t\t\t\t\t\t\t\t\t\t\t\t\t\n\t\t\t\t\t\t\t\t\t\t\t\t\t\t\t\t\t\t\t    \n\n\t\t\t\t\t\t\t\t\t\t\t\t\t\t\t\t\t\t\t\t\t\t\t\n\t\n\n\n\t\t\t\t\t\t\t\t\t\t<a href=\"https:\/\/2022.budapestritmo.hu\/en\/movie\/repulj-madar-repulj\/\">\t\t\t\t\t\t\t\t\t\t\t<div class=\"timetable-event\" style=\"top:40px; min-height:78px;\">\n\n\t\t\t\t\t\t\t\t\t\t\t\t<div class=\"timetable-event-time\">\n\t\t\t\t\t\t\t\t\t\t\t\t\t15:30-16:30\t\t\t\t\t\t\t\t\t\t\t\t\t\n\t\t\t\t\t\t\t\t\t\t\t\t<\/div>\n\t\t\t\t\t\t\t\t\t\t\t\t<div class=\"timetable-event-performer\">\n\t\t\t\t\t\t\t\t\t\t\t\t\tFly Bird, Fly&#8230; <sup>(HU\/UK)<\/sup>\t\t\t\t\t\t\t\t\t\t\t\t<\/div>\n\t\t\t\t\t\t\t\t\t\t\t\t<span class=\"timetable-event-country\"> <\/span>\n\t\t\t\t\t\t\t\t\t\t\t\t\n\t\t\t\t\t\t\t\t\t\t\t<\/div>\n\t\t\t\t\t\t\t\t\t\t<\/a>\n\t\t\t\t\t\t\t\t\t\t\t\t\t\t\n\t\t\t\t\t\t\t\t\t\t\t\t\t\t\t\t\t\t\t    \n\n\t\t\t\t\t\t\t\t\t\t\t\t\t\t\t\t\t\t\t\t\t\t\t\n\t\n\n\n\t\t\t\t\t\t\t\t\t\t<a href=\"https:\/\/2022.budapestritmo.hu\/en\/movie\/agonia\/\">\t\t\t\t\t\t\t\t\t\t\t<div class=\"timetable-event\" style=\"top:240px; min-height:78px;\">\n\n\t\t\t\t\t\t\t\t\t\t\t\t<div class=\"timetable-event-time\">\n\t\t\t\t\t\t\t\t\t\t\t\t\t18:00-19:00\t\t\t\t\t\t\t\t\t\t\t\t\t\n\t\t\t\t\t\t\t\t\t\t\t\t<\/div>\n\t\t\t\t\t\t\t\t\t\t\t\t<div class=\"timetable-event-performer\">\n\t\t\t\t\t\t\t\t\t\t\t\t\tThe Agony <sup>(PL)<\/sup>\t\t\t\t\t\t\t\t\t\t\t\t<\/div>\n\t\t\t\t\t\t\t\t\t\t\t\t<span class=\"timetable-event-country\"> <\/span>\n\t\t\t\t\t\t\t\t\t\t\t\t\n\t\t\t\t\t\t\t\t\t\t\t<\/div>\n\t\t\t\t\t\t\t\t\t\t<\/a>\n\t\t\t\t\t\t\t\t\t\t\t\t\t\t\n\t\t\t\t\t\t\t\t\t\t\t\t\t\t\t\t\t\t\t    \n\n\t\t\t\t\t\t\t\t\t\t\t\t\t\t\t\t\t\t\t\t\t\t\t\n\t\n\n\n\t\t\t\t\t\t\t\t\t\t<a href=\"https:\/\/2022.budapestritmo.hu\/en\/movie\/2022-es-ritmo-filmek-premierje\/\">\t\t\t\t\t\t\t\t\t\t\t<div class=\"timetable-event\" style=\"top:400px; min-height:118px;\">\n\n\t\t\t\t\t\t\t\t\t\t\t\t<div class=\"timetable-event-time\">\n\t\t\t\t\t\t\t\t\t\t\t\t\t20:00-21:30\t\t\t\t\t\t\t\t\t\t\t\t\t\n\t\t\t\t\t\t\t\t\t\t\t\t<\/div>\n\t\t\t\t\t\t\t\t\t\t\t\t<div class=\"timetable-event-performer\">\n\t\t\t\t\t\t\t\t\t\t\t\t\tPremiere: 2022 Ritmo Music Films\t\t\t\t\t\t\t\t\t\t\t\t<\/div>\n\t\t\t\t\t\t\t\t\t\t\t\t<span class=\"timetable-event-country\"><ul>\n<li>Uljana Quartet x Anna Korom x Fl\u00f3ra Fecske<\/li>\n<li>\u0414eva x Marcell Bajor x Bence Szemerey<\/li>\n<\/ul>\n <\/span>\n\t\t\t\t\t\t\t\t\t\t\t\t\n\t\t\t\t\t\t\t\t\t\t\t<\/div>\n\t\t\t\t\t\t\t\t\t\t<\/a>\n\t\t\t\t\t\t\t\t\t\t\t\t\t\t\n\t\t\t\t\t\t\t\t\t\n\t\t\t\t\t\t\t<\/div>\n\n\t\t\t\t\t\t\t\n\n\t\t\t\t\n\n\t\t\t\t\n\t\t\t\n\t\t\t<\/div> <!-- \/row -->\n\t\t<\/div>  <!-- \/container.day -->\n\n\t\t\n<\/section> <!-- \/timetable.section -->\n\n\n<p><\/p>\n","protected":false},"excerpt":{"rendered":"","protected":false},"author":1,"featured_media":0,"parent":0,"menu_order":0,"comment_status":"closed","ping_status":"closed","template":"page-templates\/page-fullwidth.php","meta":[],"acf":[],"_links":{"self":[{"href":"https:\/\/2022.budapestritmo.hu\/en\/wp-json\/wp\/v2\/pages\/974"}],"collection":[{"href":"https:\/\/2022.budapestritmo.hu\/en\/wp-json\/wp\/v2\/pages"}],"about":[{"href":"https:\/\/2022.budapestritmo.hu\/en\/wp-json\/wp\/v2\/types\/page"}],"author":[{"embeddable":true,"href":"https:\/\/2022.budapestritmo.hu\/en\/wp-json\/wp\/v2\/users\/1"}],"replies":[{"embeddable":true,"href":"https:\/\/2022.budapestritmo.hu\/en\/wp-json\/wp\/v2\/comments?post=974"}],"version-history":[{"count":0,"href":"https:\/\/2022.budapestritmo.hu\/en\/wp-json\/wp\/v2\/pages\/974\/revisions"}],"wp:attachment":[{"href":"https:\/\/2022.budapestritmo.hu\/en\/wp-json\/wp\/v2\/media?parent=974"}],"curies":[{"name":"wp","href":"https:\/\/api.w.org\/{rel}","templated":true}]}}