{"id":719,"date":"2022-03-01T15:32:31","date_gmt":"2022-03-01T14:32:31","guid":{"rendered":"https:\/\/budapestritmo.hu\/a-fesztivalrol\/"},"modified":"2022-04-04T10:09:50","modified_gmt":"2022-04-04T09:09:50","slug":"a-fesztivalrol","status":"publish","type":"page","link":"https:\/\/2022.budapestritmo.hu\/en\/a-fesztivalrol\/","title":{"rendered":"About"},"content":{"rendered":"\n<h1>About<br><strong>Budapest Ritmo<\/strong><\/h1>\n\n\n\n<h2>Wonders to Hear<\/h2>\n\n\n\n<figure class=\"wp-block-embed is-type-video is-provider-youtube wp-block-embed-youtube wp-embed-aspect-16-9 wp-has-aspect-ratio\"><div class=\"wp-block-embed__wrapper\">\n<iframe loading=\"lazy\" title=\"Budapest Ritmo 2022 teaser - Amit m\u00e9g nem l\u00e1tt\u00e1l\" width=\"500\" height=\"281\" src=\"https:\/\/www.youtube.com\/embed\/d2l9eXzP22w?feature=oembed\" frameborder=\"0\" allow=\"accelerometer; autoplay; clipboard-write; encrypted-media; gyroscope; picture-in-picture\" allowfullscreen><\/iframe>\n<\/div><\/figure>\n\n\n\n<p>Budapest Ritmo has been a gem of city festivals ever since 2016. One of the most prestigious world music showcase festivals of Europe, Budapest Ritmo presents a carefully selected lineup, showcase concerts, and more. <\/p>\n\n\n\n<p>World music celebrates ancient heritage, fusion genres and unexpected musical ideas. If you think you\u2019ve heard it all before, Budapest Ritmo will surprise you for sure! The festival opens a musical universe where refreshing ideas, curious instruments, out-of-the-mainstream techniques and the pure joy of discovery take center stage. <\/p>\n\n\n\n<p>Join us in the heart of Europe between <strong>7\u201310 April <\/strong>2022 for a city-wide festival! Budapest Ritmo welcomes the biggest names in world music in <strong>three atmospheric inner-city locations<\/strong>. The festival expands with a <strong>film section<\/strong> this year with original music film premieres and documentary screenings. We invite international delegates to the <strong>Budapest Ritmo Conference<\/strong> and <strong>networking<\/strong> events. All are welcome to join the <strong>afterparty<\/strong> each night after the main stage goes dark!<\/p>\n\n\n\n<h2>Follow us!<\/h2>\n\n\n\n<div class=\"is-layout-flex wp-block-buttons\">\n<div class=\"wp-block-button\"><a class=\"wp-block-button__link\" href=\"https:\/\/www.facebook.com\/budapestritmo\/\" target=\"_blank\" rel=\"noopener\"><i class=\"social-icon facebook white\"><\/i><\/a><\/div>\n\n\n\n<div class=\"wp-block-button\"><a class=\"wp-block-button__link\" href=\"https:\/\/www.instagram.com\/hangveto\" target=\"_blank\" rel=\"noopener\"><i class=\"social-icon instagram white\"><\/i><\/a><\/div>\n\n\n\n<div class=\"wp-block-button\"><a class=\"wp-block-button__link\" href=\"https:\/\/www.youtube.com\/user\/Hangveto\" target=\"_blank\" rel=\"noopener\"><i class=\"social-icon youtube white\"><\/i><\/a><\/div>\n<\/div>\n\n\n\n<h2>Organised by:&nbsp;<\/h2>\n\n\n\n<div class=\"is-layout-flex wp-container-6 wp-block-columns alignfull\">\n<div class=\"is-layout-flow wp-block-column\">\n<figure class=\"wp-block-image size-full is-resized\"><img decoding=\"async\" loading=\"lazy\" src=\"https:\/\/2022.budapestritmo.hu\/wp-content\/uploads\/2022\/03\/footer-logo-hangveto.svg\" alt=\"\" class=\"wp-image-106\" width=\"229\" height=\"150\"\/><\/figure>\n<\/div>\n\n\n\n<div class=\"is-layout-flow wp-block-column\">\n<figure class=\"wp-block-image size-full is-resized\"><img decoding=\"async\" loading=\"lazy\" src=\"https:\/\/2022.budapestritmo.hu\/wp-content\/uploads\/2022\/03\/footer-logo-bartok.svg\" alt=\"\" class=\"wp-image-108\" width=\"112\" height=\"150\"\/><\/figure>\n<\/div>\n\n\n\n<div class=\"is-layout-flow wp-block-column\"><\/div>\n\n\n\n<div class=\"is-layout-flow wp-block-column\"><\/div>\n<\/div>\n\n\n\n<h2>Our partners:<\/h2>\n\n\n\n<div class=\"is-layout-flex wp-container-11 wp-block-columns alignfull\">\n<div class=\"is-layout-flow wp-block-column\">\n<figure class=\"wp-block-image size-large is-resized\"><a href=\"https:\/\/culture.pl\/en\" target=\"_blank\" rel=\"noopener\"><img decoding=\"async\" loading=\"lazy\" src=\"https:\/\/2022.budapestritmo.hu\/wp-content\/uploads\/2022\/03\/LENGYEL_BELKA-CREDITS-EN-COLOR-1024x307.png\" alt=\"\" class=\"wp-image-850\" width=\"256\" height=\"77\" srcset=\"https:\/\/2022.budapestritmo.hu\/wp-content\/uploads\/2022\/03\/LENGYEL_BELKA-CREDITS-EN-COLOR-1024x307.png 1024w, https:\/\/2022.budapestritmo.hu\/wp-content\/uploads\/2022\/03\/LENGYEL_BELKA-CREDITS-EN-COLOR-300x90.png 300w, https:\/\/2022.budapestritmo.hu\/wp-content\/uploads\/2022\/03\/LENGYEL_BELKA-CREDITS-EN-COLOR-768x231.png 768w, https:\/\/2022.budapestritmo.hu\/wp-content\/uploads\/2022\/03\/LENGYEL_BELKA-CREDITS-EN-COLOR.png 1206w\" sizes=\"(max-width: 256px) 100vw, 256px\" \/><\/a><\/figure>\n<\/div>\n\n\n\n<div class=\"is-layout-flow wp-block-column\">\n<figure class=\"wp-block-image size-large is-resized\"><a href=\"https:\/\/recorder.blog.hu\/\" target=\"_blank\" rel=\"noopener\"><img decoding=\"async\" loading=\"lazy\" src=\"https:\/\/2022.budapestritmo.hu\/wp-content\/uploads\/2022\/03\/recorder_logo1_22-1-1024x204.png\" alt=\"\" class=\"wp-image-1002\" width=\"256\" height=\"51\" srcset=\"https:\/\/2022.budapestritmo.hu\/wp-content\/uploads\/2022\/03\/recorder_logo1_22-1-1024x204.png 1024w, https:\/\/2022.budapestritmo.hu\/wp-content\/uploads\/2022\/03\/recorder_logo1_22-1-300x60.png 300w, https:\/\/2022.budapestritmo.hu\/wp-content\/uploads\/2022\/03\/recorder_logo1_22-1-768x153.png 768w, https:\/\/2022.budapestritmo.hu\/wp-content\/uploads\/2022\/03\/recorder_logo1_22-1.png 1043w\" sizes=\"(max-width: 256px) 100vw, 256px\" \/><\/a><\/figure>\n<\/div>\n\n\n\n<div class=\"is-layout-flow wp-block-column\">\n<figure class=\"wp-block-image size-large is-resized\"><a href=\"https:\/\/culture.ec.europa.eu\/creative-europe\" target=\"_blank\" rel=\"noopener\"><img decoding=\"async\" loading=\"lazy\" src=\"https:\/\/2022.budapestritmo.hu\/wp-content\/uploads\/2022\/03\/logosbeneficairescreativeeuropeleft_en-1024x225.jpg\" alt=\"\" class=\"wp-image-854\" width=\"256\" height=\"56\" srcset=\"https:\/\/2022.budapestritmo.hu\/wp-content\/uploads\/2022\/03\/logosbeneficairescreativeeuropeleft_en-1024x225.jpg 1024w, https:\/\/2022.budapestritmo.hu\/wp-content\/uploads\/2022\/03\/logosbeneficairescreativeeuropeleft_en-300x66.jpg 300w, https:\/\/2022.budapestritmo.hu\/wp-content\/uploads\/2022\/03\/logosbeneficairescreativeeuropeleft_en-768x169.jpg 768w, https:\/\/2022.budapestritmo.hu\/wp-content\/uploads\/2022\/03\/logosbeneficairescreativeeuropeleft_en-1536x338.jpg 1536w, https:\/\/2022.budapestritmo.hu\/wp-content\/uploads\/2022\/03\/logosbeneficairescreativeeuropeleft_en-2048x450.jpg 2048w\" sizes=\"(max-width: 256px) 100vw, 256px\" \/><\/a><\/figure>\n<\/div>\n\n\n\n<div class=\"is-layout-flow wp-block-column\">\n<figure class=\"wp-block-image size-full is-resized\"><a href=\"https:\/\/mostmusic.eu\/\" target=\"_blank\" rel=\"noopener\"><img decoding=\"async\" loading=\"lazy\" src=\"https:\/\/2022.budapestritmo.hu\/wp-content\/uploads\/2022\/03\/MOST_logo_black.png\" alt=\"\" class=\"wp-image-856\" width=\"236\" height=\"57\" srcset=\"https:\/\/2022.budapestritmo.hu\/wp-content\/uploads\/2022\/03\/MOST_logo_black.png 945w, https:\/\/2022.budapestritmo.hu\/wp-content\/uploads\/2022\/03\/MOST_logo_black-300x73.png 300w, https:\/\/2022.budapestritmo.hu\/wp-content\/uploads\/2022\/03\/MOST_logo_black-768x186.png 768w\" sizes=\"(max-width: 236px) 100vw, 236px\" \/><\/a><\/figure>\n<\/div>\n<\/div>\n\n\n\n<div class=\"is-layout-flex wp-container-16 wp-block-columns alignfull\">\n<div class=\"is-layout-flow wp-block-column\">\n<figure class=\"wp-block-image size-large is-resized\"><a href=\"https:\/\/www.womex.com\/\" target=\"_blank\" rel=\"noopener\"><img decoding=\"async\" loading=\"lazy\" src=\"https:\/\/2022.budapestritmo.hu\/wp-content\/uploads\/2022\/03\/LogoWOMEX_black-1-e1646848021636.png\" alt=\"\" class=\"wp-image-845\" width=\"236\" height=\"109\"\/><\/a><\/figure>\n<\/div>\n\n\n\n<div class=\"is-layout-flow wp-block-column\">\n<figure class=\"wp-block-image size-full is-resized\"><a href=\"https:\/\/szimpla.hu\/\" target=\"_blank\" rel=\"noopener\"><img decoding=\"async\" loading=\"lazy\" src=\"https:\/\/2022.budapestritmo.hu\/wp-content\/uploads\/2022\/03\/szimpla-logo-hatszog-150x150.png\" alt=\"\" class=\"wp-image-847\" width=\"150\" height=\"150\"\/><\/a><\/figure>\n<\/div>\n\n\n\n<div class=\"is-layout-flow wp-block-column\">\n<figure class=\"wp-block-image size-full is-resized\"><a href=\"http:\/\/kultura.hu\/\" target=\"_blank\" rel=\"noopener\"><img decoding=\"async\" loading=\"lazy\" src=\"https:\/\/2022.budapestritmo.hu\/wp-content\/uploads\/2022\/03\/pku_logo.png\" alt=\"\" class=\"wp-image-1116\" width=\"224\" height=\"76\" srcset=\"https:\/\/2022.budapestritmo.hu\/wp-content\/uploads\/2022\/03\/pku_logo.png 448w, https:\/\/2022.budapestritmo.hu\/wp-content\/uploads\/2022\/03\/pku_logo-300x102.png 300w\" sizes=\"(max-width: 224px) 100vw, 224px\" \/><\/a><\/figure>\n<\/div>\n\n\n\n<div class=\"is-layout-flow wp-block-column\">\n<figure class=\"wp-block-image size-medium is-resized\"><img decoding=\"async\" src=\"https:\/\/2022.budapestritmo.hu\/wp-content\/uploads\/2022\/03\/C-A-CMYK-300x150.png\" alt=\"\" class=\"wp-image-1405\" width=\"200\" srcset=\"https:\/\/2022.budapestritmo.hu\/wp-content\/uploads\/2022\/03\/C-A-CMYK-300x150.png 300w, https:\/\/2022.budapestritmo.hu\/wp-content\/uploads\/2022\/03\/C-A-CMYK-1024x512.png 1024w, https:\/\/2022.budapestritmo.hu\/wp-content\/uploads\/2022\/03\/C-A-CMYK-768x384.png 768w, https:\/\/2022.budapestritmo.hu\/wp-content\/uploads\/2022\/03\/C-A-CMYK-1536x768.png 1536w, https:\/\/2022.budapestritmo.hu\/wp-content\/uploads\/2022\/03\/C-A-CMYK.png 1956w\" sizes=\"(max-width: 300px) 100vw, 300px\" \/><\/figure>\n<\/div>\n<\/div>\n\n\n\n<div class=\"is-layout-flex wp-container-21 wp-block-columns alignfull\">\n<div class=\"is-layout-flow wp-block-column\">\n<figure class=\"wp-block-image size-full is-resized\"><img decoding=\"async\" loading=\"lazy\" src=\"https:\/\/2022.budapestritmo.hu\/wp-content\/uploads\/2022\/04\/Lengyel-Intezet-Budapest_logo.png\" alt=\"\" class=\"wp-image-1538\" width=\"159\" height=\"118\" srcset=\"https:\/\/2022.budapestritmo.hu\/wp-content\/uploads\/2022\/04\/Lengyel-Intezet-Budapest_logo.png 317w, https:\/\/2022.budapestritmo.hu\/wp-content\/uploads\/2022\/04\/Lengyel-Intezet-Budapest_logo-300x223.png 300w\" sizes=\"(max-width: 159px) 100vw, 159px\" \/><\/figure>\n<\/div>\n\n\n\n<div class=\"is-layout-flow wp-block-column\"><\/div>\n\n\n\n<div class=\"is-layout-flow wp-block-column\"><\/div>\n\n\n\n<div class=\"is-layout-flow wp-block-column\"><\/div>\n<\/div>\n","protected":false},"excerpt":{"rendered":"<p>AboutBudapest Ritmo Wonders to Hear Budapest Ritmo has been a gem of city festivals ever since 2016. One of the most prestigious world music showcase festivals of Europe, Budapest Ritmo presents a carefully selected lineup, showcase concerts, and more. World music celebrates ancient heritage, fusion genres and unexpected musical ideas. If you think you\u2019ve heard [&hellip;]<\/p>\n","protected":false},"author":1,"featured_media":0,"parent":0,"menu_order":0,"comment_status":"closed","ping_status":"closed","template":"","meta":[],"acf":[],"_links":{"self":[{"href":"https:\/\/2022.budapestritmo.hu\/en\/wp-json\/wp\/v2\/pages\/719"}],"collection":[{"href":"https:\/\/2022.budapestritmo.hu\/en\/wp-json\/wp\/v2\/pages"}],"about":[{"href":"https:\/\/2022.budapestritmo.hu\/en\/wp-json\/wp\/v2\/types\/page"}],"author":[{"embeddable":true,"href":"https:\/\/2022.budapestritmo.hu\/en\/wp-json\/wp\/v2\/users\/1"}],"replies":[{"embeddable":true,"href":"https:\/\/2022.budapestritmo.hu\/en\/wp-json\/wp\/v2\/comments?post=719"}],"version-history":[{"count":0,"href":"https:\/\/2022.budapestritmo.hu\/en\/wp-json\/wp\/v2\/pages\/719\/revisions"}],"wp:attachment":[{"href":"https:\/\/2022.budapestritmo.hu\/en\/wp-json\/wp\/v2\/media?parent=719"}],"curies":[{"name":"wp","href":"https:\/\/api.w.org\/{rel}","templated":true}]}}