{"id":1380,"date":"2022-03-28T18:56:55","date_gmt":"2022-03-28T17:56:55","guid":{"rendered":"https:\/\/budapestritmo.hu\/?page_id=1380"},"modified":"2022-03-28T19:10:53","modified_gmt":"2022-03-28T18:10:53","slug":"budapest-ritmo-conference","status":"publish","type":"page","link":"https:\/\/2022.budapestritmo.hu\/en\/budapest-ritmo-conference\/","title":{"rendered":"Budapest Ritmo Conference"},"content":{"rendered":"\n<p><strong>Morning Session: City &amp; Music \u2013&nbsp;Discussions with European Capitals of Culture<\/strong><\/p>\n\n\n\n<p id=\"block-3dc99374-aecd-4a90-bb4d-62964d3a617d\">Become part of the discussion! The <strong>Budapest Ritmo Conference<\/strong> is a perfect opportunity for music industry stakeholders to exchange know-hows and business cards. <\/p>\n\n\n\n<p id=\"block-3dc99374-aecd-4a90-bb4d-62964d3a617d\">With i<strong>nternational roundtable guests and delegates<\/strong>, Ritmo presents its morning session: the cultural diplomacy and music strategy of <strong>European Capitals of Culture<\/strong> and <strong>UNESCO Music Cities<\/strong>. Learn more about cultural strategy and network!<\/p>\n\n\n\n<p>Attendance is free of charge. Please register at <a href=\"mailto:ritmo@budapestritmo.hu\">ritmo@budapestritmo.hu<\/a>.<\/p>\n\n\n\n<p>10:00-11:00<br><strong>Let\u2019s Talk About ECoC Music Strategies I.<br><\/strong>Roundtable: Novi Sad 2022 (SRB), Timisoara 2023 (RO), Veszpr\u00e9m 2023 (HU)<br>Moderator: Anna Isola<\/p>\n\n\n\n<p>11:00-12:00<br><strong>Let\u2019s Talk About ECoC Music Strategies II.<br><\/strong>Roundtable: Nova Gorica (SI) \u2013 Gorizia (IT) 2025, Tartu 2024 (EE), Tren\u010d\u00edn 2026 (SK), Ibagu\u00e9 (CO) \u2013The American Capital of Culture and UNESCO Music City<br>Moderator: Bal\u00e1zs Weyer<\/p>\n\n\n\n<p>12:00-13:00<br><strong>World Cafe with European Capitals of Culture<br><\/strong>Meet and Discuss with representatives<br>Moderator: Bal\u00e1zs Weyer<\/p>\n","protected":false},"excerpt":{"rendered":"<p>Morning Session: City &amp; Music \u2013&nbsp;Discussions with European Capitals of Culture Become part of the discussion! The Budapest Ritmo Conference is a perfect opportunity for music industry stakeholders to exchange know-hows and business cards. With international roundtable guests and delegates, Ritmo presents its morning session: the cultural diplomacy and music strategy of European Capitals of [&hellip;]<\/p>\n","protected":false},"author":2,"featured_media":0,"parent":0,"menu_order":0,"comment_status":"closed","ping_status":"closed","template":"","meta":[],"acf":[],"_links":{"self":[{"href":"https:\/\/2022.budapestritmo.hu\/en\/wp-json\/wp\/v2\/pages\/1380"}],"collection":[{"href":"https:\/\/2022.budapestritmo.hu\/en\/wp-json\/wp\/v2\/pages"}],"about":[{"href":"https:\/\/2022.budapestritmo.hu\/en\/wp-json\/wp\/v2\/types\/page"}],"author":[{"embeddable":true,"href":"https:\/\/2022.budapestritmo.hu\/en\/wp-json\/wp\/v2\/users\/2"}],"replies":[{"embeddable":true,"href":"https:\/\/2022.budapestritmo.hu\/en\/wp-json\/wp\/v2\/comments?post=1380"}],"version-history":[{"count":0,"href":"https:\/\/2022.budapestritmo.hu\/en\/wp-json\/wp\/v2\/pages\/1380\/revisions"}],"wp:attachment":[{"href":"https:\/\/2022.budapestritmo.hu\/en\/wp-json\/wp\/v2\/media?parent=1380"}],"curies":[{"name":"wp","href":"https:\/\/api.w.org\/{rel}","templated":true}]}}